{"id":111,"date":"2019-03-06T08:32:46","date_gmt":"2019-03-06T08:32:46","guid":{"rendered":"https:\/\/www.errazada.eus\/lege-oharra\/"},"modified":"2019-03-15T10:22:05","modified_gmt":"2019-03-15T10:22:05","slug":"aviso-legal","status":"publish","type":"page","link":"https:\/\/www.errazada.eus\/es\/aviso-legal","title":{"rendered":"Aviso Legal"},"content":{"rendered":"<div class=\"post-content\">\n<p>El presente documento establece las Condiciones Generales de Uso de esta p\u00e1gina de internet, (en adelante website) que la sociedad cuyos datos registrales se muestran a continuaci\u00f3n presta en internet:<\/p>\n<p><strong>Servicio de Euskera del Ayuntamiento de Donostia \/ San Sebasti\u00e1n<\/strong><br \/>\nKonstituzio plaza 2, behea, 20003 Donostia.<br \/>\nTel\u00e9fono: +34 943 48 37 50<br \/>\nEmail: udala_euskara@donostia.eus<br \/>\nCIF: P-2007400-A<\/p>\n<p>La utilizaci\u00f3n de los servicios y\/o contenidos de este website por parte del usuario supone y expresa su adhesi\u00f3n y aceptaci\u00f3n expresa a todas las Condiciones Generales de Uso en la versi\u00f3n publicada en el presente website, as\u00ed como a la pol\u00edtica de protecci\u00f3n de datos.<\/p>\n<p>&nbsp;<\/p>\n<h4 align=\"justify\" data-fontsize=\"20\" data-lineheight=\"30\">Condiciones de uso<\/h4>\n<p class=\"arial12negro\" align=\"justify\"><strong>Servicio de Euskera del Ayuntamiento de Donostia \/ San Sebasti\u00e1n <\/strong>no puede asumir ninguna responsabilidad derivada del uso incorrecto, inapropiado o il\u00edcito de la informaci\u00f3n aparecida en las p\u00e1ginas de Internet de <strong>Servicio de Euskera del Ayuntamiento de Donostia \/ San Sebasti\u00e1n. <\/strong><\/p>\n<p class=\"arial12negro\" align=\"justify\">Con los l\u00edmites establecidos en la ley,\u00a0<strong>Servicio de Euskera del Ayuntamiento de Donostia \/ San Sebasti\u00e1n<\/strong> no asume ninguna responsabilidad derivada de la falta de veracidad, integridad, actualizaci\u00f3n y precisi\u00f3n de los datos o informaciones que se contienen en sus p\u00e1ginas de Internet.<\/p>\n<p class=\"arial12negro\" align=\"justify\">Los contenidos e informaci\u00f3n de las p\u00e1ginas de Internet de\u00a0<strong>Servicio de Euskera del Ayuntamiento de Donostia \/ San Sebasti\u00e1n<\/strong> est\u00e1n elaboradas por profesionales debidamente cualificados. Sin embargo, los contenidos e informaci\u00f3n no vinculan a\u00a0<strong>Servicio de Euskera del Ayuntamiento de Donostia \/ San Sebasti\u00e1n<\/strong> ni constituyen opiniones, consejos, presupuesto o asesoramientos de ning\u00fan tipo pues se trata meramente de un servicio ofrecido con car\u00e1cter informativo y divulgativo.<\/p>\n<p class=\"arial12negro\" align=\"justify\">El website de\u00a0<strong>Servicio de Euskera del Ayuntamiento de Donostia \/ San Sebasti\u00e1n<\/strong> pueden contener enlaces (links) a otras p\u00e1ginas de terceras partes que\u00a0<strong>Servicio de Euskera del Ayuntamiento de Donostia \/ San Sebasti\u00e1n<\/strong> no puede controlar. Por lo tanto,\u00a0<strong>Servicio de Euskera del Ayuntamiento de Donostia \/ San Sebasti\u00e1n<\/strong> no puede asumir responsabilidades por el contenido que pueda aparecer en p\u00e1ginas de terceros.<\/p>\n<p class=\"arial12negro\" align=\"justify\">Los textos, im\u00e1genes, sonidos, animaciones, software y el resto de contenidos incluidos en este website son propiedad exclusiva de\u00a0<strong>Servicio de Euskera del Ayuntamiento de Donostia \/ San Sebasti\u00e1n<\/strong> o sus licenciantes. Cualquier acto de transmisi\u00f3n, distribuci\u00f3n, cesi\u00f3n, reproducci\u00f3n, almacenamiento o comunicaci\u00f3n p\u00fablica total o parcial, debe contar con el consentimiento expreso de <strong>Servicio de Euskera del Ayuntamiento de Donostia \/ San Sebasti\u00e1n<\/strong>.<\/p>\n<\/div>\n","protected":false},"excerpt":{"rendered":"<p>El presente documento establece las Condiciones Generales de Uso de [&hellip;]<\/p>\n","protected":false},"author":2,"featured_media":0,"parent":0,"menu_order":0,"comment_status":"closed","ping_status":"closed","template":"","meta":{"footnotes":""},"class_list":["post-111","page","type-page","status-publish","hentry"],"yoast_head":"<!-- This site is optimized with the Yoast SEO plugin v15.5 - https:\/\/yoast.com\/wordpress\/plugins\/seo\/ -->\n<title>Aviso Legal - Erraza Da<\/title>\n<meta name=\"robots\" content=\"index, follow, max-snippet:-1, max-image-preview:large, max-video-preview:-1\" \/>\n<link rel=\"canonical\" href=\"https:\/\/www.errazada.eus\/es\/aviso-legal\" \/>\n<meta property=\"og:locale\" content=\"es_ES\" \/>\n<meta property=\"og:type\" content=\"article\" \/>\n<meta property=\"og:title\" content=\"Aviso Legal - Erraza Da\" \/>\n<meta property=\"og:description\" content=\"El presente documento establece las Condiciones Generales de Uso de [&hellip;]\" \/>\n<meta property=\"og:url\" content=\"https:\/\/www.errazada.eus\/es\/aviso-legal\" \/>\n<meta property=\"og:site_name\" content=\"Erraza Da\" \/>\n<meta property=\"article:modified_time\" content=\"2019-03-15T10:22:05+00:00\" \/>\n<meta name=\"twitter:card\" content=\"summary_large_image\" \/>\n<meta name=\"twitter:label1\" content=\"Tiempo de lectura\">\n\t<meta name=\"twitter:data1\" content=\"2 minutos\">\n<script type=\"application\/ld+json\" class=\"yoast-schema-graph\">{\"@context\":\"https:\/\/schema.org\",\"@graph\":[{\"@type\":\"WebSite\",\"@id\":\"https:\/\/www.errazada.eus\/#website\",\"url\":\"https:\/\/www.errazada.eus\/\",\"name\":\"Erraza Da\",\"description\":\"Lehen hitza euskaraz egitea\",\"potentialAction\":[{\"@type\":\"SearchAction\",\"target\":\"https:\/\/www.errazada.eus\/?s={search_term_string}\",\"query-input\":\"required name=search_term_string\"}],\"inLanguage\":\"es\"},{\"@type\":\"WebPage\",\"@id\":\"https:\/\/www.errazada.eus\/es\/aviso-legal#webpage\",\"url\":\"https:\/\/www.errazada.eus\/es\/aviso-legal\",\"name\":\"Aviso Legal - Erraza Da\",\"isPartOf\":{\"@id\":\"https:\/\/www.errazada.eus\/#website\"},\"datePublished\":\"2019-03-06T08:32:46+00:00\",\"dateModified\":\"2019-03-15T10:22:05+00:00\",\"inLanguage\":\"es\",\"potentialAction\":[{\"@type\":\"ReadAction\",\"target\":[\"https:\/\/www.errazada.eus\/es\/aviso-legal\"]}]}]}<\/script>\n<!-- \/ Yoast SEO plugin. -->","_links":{"self":[{"href":"https:\/\/www.errazada.eus\/es\/wp-json\/wp\/v2\/pages\/111","targetHints":{"allow":["GET"]}}],"collection":[{"href":"https:\/\/www.errazada.eus\/es\/wp-json\/wp\/v2\/pages"}],"about":[{"href":"https:\/\/www.errazada.eus\/es\/wp-json\/wp\/v2\/types\/page"}],"author":[{"embeddable":true,"href":"https:\/\/www.errazada.eus\/es\/wp-json\/wp\/v2\/users\/2"}],"replies":[{"embeddable":true,"href":"https:\/\/www.errazada.eus\/es\/wp-json\/wp\/v2\/comments?post=111"}],"version-history":[{"count":0,"href":"https:\/\/www.errazada.eus\/es\/wp-json\/wp\/v2\/pages\/111\/revisions"}],"wp:attachment":[{"href":"https:\/\/www.errazada.eus\/es\/wp-json\/wp\/v2\/media?parent=111"}],"curies":[{"name":"wp","href":"https:\/\/api.w.org\/{rel}","templated":true}]}}